{"id":1493,"date":"2024-10-11T01:43:35","date_gmt":"2024-10-11T07:43:35","guid":{"rendered":"https:\/\/sistemaderiegocrap.com\/?post_type=product&#038;p=1493"},"modified":"2024-10-11T01:43:36","modified_gmt":"2024-10-11T07:43:36","slug":"pvc_tapon-campana","status":"publish","type":"product","link":"https:\/\/sistemaderiegocrap.com\/?product=pvc_tapon-campana","title":{"rendered":"Tap\u00f3n campana"},"content":{"rendered":"<p>*Disponible en amplia variedad de tama\u00f1os\/ medidas*<\/p>\n<p>Estas interesado en este o en otro de nuestros productos, no dudes en contactarnos v\u00eda correo electr\u00f3nico o a trav\u00e9s de nuestras redes sociales o n\u00fameros de tel\u00e9fono.<\/p>\n<p><a href=\"mailto:ventas@sistemaderiegocrap.com\">ventas@sistemaderiegocrap.com<\/a><\/p>\n<p>Tel\u00e9fonos:\u00a0 2225346214\u00a0 \u00a0o\u00a0 222 642 4425<\/p>\n","protected":false},"excerpt":{"rendered":"<p>Pieza generalmente utilizada para impedir o concluir el paso de los l\u00edquidos transportados por la tuber\u00eda.<\/p>\n<p>Su construcci\u00f3n le permite conservarse liso en su interior, incluso frente a los a\u00f1os de servicio.<\/p>\n","protected":false},"featured_media":1494,"comment_status":"open","ping_status":"closed","template":"","meta":{"_coblocks_attr":"","_coblocks_dimensions":"","_coblocks_responsive_height":"","_coblocks_accordion_ie_support":""},"product_brand":[],"product_cat":[36],"product_tag":[],"class_list":{"0":"post-1493","1":"product","2":"type-product","3":"status-publish","4":"has-post-thumbnail","6":"product_cat-pvc-policloruro-de-vinilo","8":"first","9":"instock","10":"taxable","11":"shipping-taxable","12":"product-type-simple"},"yoast_head":"<!-- This site is optimized with the Yoast SEO plugin v27.4 - https:\/\/yoast.com\/product\/yoast-seo-wordpress\/ -->\n<title>Tap\u00f3n campana - Crap Sistemas de Riego<\/title>\n<meta name=\"description\" content=\"PVC Tapon campana. Pieza utilizada para impedir o concluir el paso de los l\u00edquidos transportados por la tuber\u00eda. De a alta calidad y resistencia.\" \/>\n<meta name=\"robots\" content=\"index, follow, max-snippet:-1, max-image-preview:large, max-video-preview:-1\" \/>\n<link rel=\"canonical\" href=\"https:\/\/sistemaderiegocrap.com\/?product=pvc_tapon-campana\" \/>\n<meta property=\"og:locale\" content=\"es_ES\" \/>\n<meta property=\"og:type\" content=\"article\" \/>\n<meta property=\"og:title\" content=\"Tap\u00f3n campana - Crap Sistemas de Riego\" \/>\n<meta property=\"og:description\" content=\"PVC Tapon campana. Pieza utilizada para impedir o concluir el paso de los l\u00edquidos transportados por la tuber\u00eda. De a alta calidad y resistencia.\" \/>\n<meta property=\"og:url\" content=\"https:\/\/sistemaderiegocrap.com\/?product=pvc_tapon-campana\" \/>\n<meta property=\"og:site_name\" content=\"Crap Sistemas de Riego\" \/>\n<meta property=\"article:publisher\" content=\"https:\/\/www.facebook.com\/CRAPSISTEMASDERIEGO\" \/>\n<meta property=\"article:modified_time\" content=\"2024-10-11T07:43:36+00:00\" \/>\n<meta property=\"og:image\" content=\"https:\/\/sistemaderiegocrap.com\/wp-content\/uploads\/2024\/10\/pvc10.jpg\" \/>\n\t<meta property=\"og:image:width\" content=\"1080\" \/>\n\t<meta property=\"og:image:height\" content=\"1080\" \/>\n\t<meta property=\"og:image:type\" content=\"image\/jpeg\" \/>\n<meta name=\"twitter:card\" content=\"summary_large_image\" \/>\n<meta name=\"twitter:site\" content=\"@CrapRiegS1tm\" \/>\n<meta name=\"twitter:label1\" content=\"Tiempo de lectura\" \/>\n\t<meta name=\"twitter:data1\" content=\"1 minuto\" \/>\n<script type=\"application\/ld+json\" class=\"yoast-schema-graph\">{\"@context\":\"https:\\\/\\\/schema.org\",\"@graph\":[{\"@type\":\"WebPage\",\"@id\":\"https:\\\/\\\/sistemaderiegocrap.com\\\/?product=pvc_tapon-campana\",\"url\":\"https:\\\/\\\/sistemaderiegocrap.com\\\/?product=pvc_tapon-campana\",\"name\":\"Tap\u00f3n campana - Crap Sistemas de Riego\",\"isPartOf\":{\"@id\":\"https:\\\/\\\/sistemaderiegocrap.com\\\/#website\"},\"primaryImageOfPage\":{\"@id\":\"https:\\\/\\\/sistemaderiegocrap.com\\\/?product=pvc_tapon-campana#primaryimage\"},\"image\":{\"@id\":\"https:\\\/\\\/sistemaderiegocrap.com\\\/?product=pvc_tapon-campana#primaryimage\"},\"thumbnailUrl\":\"https:\\\/\\\/sistemaderiegocrap.com\\\/wp-content\\\/uploads\\\/2024\\\/10\\\/pvc10.jpg\",\"datePublished\":\"2024-10-11T07:43:35+00:00\",\"dateModified\":\"2024-10-11T07:43:36+00:00\",\"description\":\"PVC Tapon campana. Pieza utilizada para impedir o concluir el paso de los l\u00edquidos transportados por la tuber\u00eda. De a alta calidad y resistencia.\",\"breadcrumb\":{\"@id\":\"https:\\\/\\\/sistemaderiegocrap.com\\\/?product=pvc_tapon-campana#breadcrumb\"},\"inLanguage\":\"es\",\"potentialAction\":[{\"@type\":\"ReadAction\",\"target\":[\"https:\\\/\\\/sistemaderiegocrap.com\\\/?product=pvc_tapon-campana\"]}]},{\"@type\":\"ImageObject\",\"inLanguage\":\"es\",\"@id\":\"https:\\\/\\\/sistemaderiegocrap.com\\\/?product=pvc_tapon-campana#primaryimage\",\"url\":\"https:\\\/\\\/sistemaderiegocrap.com\\\/wp-content\\\/uploads\\\/2024\\\/10\\\/pvc10.jpg\",\"contentUrl\":\"https:\\\/\\\/sistemaderiegocrap.com\\\/wp-content\\\/uploads\\\/2024\\\/10\\\/pvc10.jpg\",\"width\":1080,\"height\":1080},{\"@type\":\"BreadcrumbList\",\"@id\":\"https:\\\/\\\/sistemaderiegocrap.com\\\/?product=pvc_tapon-campana#breadcrumb\",\"itemListElement\":[{\"@type\":\"ListItem\",\"position\":1,\"name\":\"Home\",\"item\":\"https:\\\/\\\/sistemaderiegocrap.com\\\/\"},{\"@type\":\"ListItem\",\"position\":2,\"name\":\"Productos\",\"item\":\"https:\\\/\\\/sistemaderiegocrap.com\\\/?page_id=77\"},{\"@type\":\"ListItem\",\"position\":3,\"name\":\"Tap\u00f3n campana\"}]},{\"@type\":\"WebSite\",\"@id\":\"https:\\\/\\\/sistemaderiegocrap.com\\\/#website\",\"url\":\"https:\\\/\\\/sistemaderiegocrap.com\\\/\",\"name\":\"Crap Sistemas de Riego\",\"description\":\"Especialistas en sistemas de riego agr\u00edcolas y residenciales.\",\"publisher\":{\"@id\":\"https:\\\/\\\/sistemaderiegocrap.com\\\/#organization\"},\"potentialAction\":[{\"@type\":\"SearchAction\",\"target\":{\"@type\":\"EntryPoint\",\"urlTemplate\":\"https:\\\/\\\/sistemaderiegocrap.com\\\/?s={search_term_string}\"},\"query-input\":{\"@type\":\"PropertyValueSpecification\",\"valueRequired\":true,\"valueName\":\"search_term_string\"}}],\"inLanguage\":\"es\"},{\"@type\":\"Organization\",\"@id\":\"https:\\\/\\\/sistemaderiegocrap.com\\\/#organization\",\"name\":\"Crap Sistemas de Riego\",\"url\":\"https:\\\/\\\/sistemaderiegocrap.com\\\/\",\"logo\":{\"@type\":\"ImageObject\",\"inLanguage\":\"es\",\"@id\":\"https:\\\/\\\/sistemaderiegocrap.com\\\/#\\\/schema\\\/logo\\\/image\\\/\",\"url\":\"https:\\\/\\\/sistemaderiegocrap.com\\\/wp-content\\\/uploads\\\/2024\\\/10\\\/cropped-CRAP-250-2-1.png\",\"contentUrl\":\"https:\\\/\\\/sistemaderiegocrap.com\\\/wp-content\\\/uploads\\\/2024\\\/10\\\/cropped-CRAP-250-2-1.png\",\"width\":320,\"height\":99,\"caption\":\"Crap Sistemas de Riego\"},\"image\":{\"@id\":\"https:\\\/\\\/sistemaderiegocrap.com\\\/#\\\/schema\\\/logo\\\/image\\\/\"},\"sameAs\":[\"https:\\\/\\\/www.facebook.com\\\/CRAPSISTEMASDERIEGO\",\"https:\\\/\\\/x.com\\\/CrapRiegS1tm\",\"https:\\\/\\\/www.instagram.com\\\/crapofic1almx\\\/\"]}]}<\/script>\n<!-- \/ Yoast SEO plugin. -->","yoast_head_json":{"title":"Tap\u00f3n campana - Crap Sistemas de Riego","description":"PVC Tapon campana. Pieza utilizada para impedir o concluir el paso de los l\u00edquidos transportados por la tuber\u00eda. De a alta calidad y resistencia.","robots":{"index":"index","follow":"follow","max-snippet":"max-snippet:-1","max-image-preview":"max-image-preview:large","max-video-preview":"max-video-preview:-1"},"canonical":"https:\/\/sistemaderiegocrap.com\/?product=pvc_tapon-campana","og_locale":"es_ES","og_type":"article","og_title":"Tap\u00f3n campana - Crap Sistemas de Riego","og_description":"PVC Tapon campana. Pieza utilizada para impedir o concluir el paso de los l\u00edquidos transportados por la tuber\u00eda. De a alta calidad y resistencia.","og_url":"https:\/\/sistemaderiegocrap.com\/?product=pvc_tapon-campana","og_site_name":"Crap Sistemas de Riego","article_publisher":"https:\/\/www.facebook.com\/CRAPSISTEMASDERIEGO","article_modified_time":"2024-10-11T07:43:36+00:00","og_image":[{"width":1080,"height":1080,"url":"https:\/\/sistemaderiegocrap.com\/wp-content\/uploads\/2024\/10\/pvc10.jpg","type":"image\/jpeg"}],"twitter_card":"summary_large_image","twitter_site":"@CrapRiegS1tm","twitter_misc":{"Tiempo de lectura":"1 minuto"},"schema":{"@context":"https:\/\/schema.org","@graph":[{"@type":"WebPage","@id":"https:\/\/sistemaderiegocrap.com\/?product=pvc_tapon-campana","url":"https:\/\/sistemaderiegocrap.com\/?product=pvc_tapon-campana","name":"Tap\u00f3n campana - Crap Sistemas de Riego","isPartOf":{"@id":"https:\/\/sistemaderiegocrap.com\/#website"},"primaryImageOfPage":{"@id":"https:\/\/sistemaderiegocrap.com\/?product=pvc_tapon-campana#primaryimage"},"image":{"@id":"https:\/\/sistemaderiegocrap.com\/?product=pvc_tapon-campana#primaryimage"},"thumbnailUrl":"https:\/\/sistemaderiegocrap.com\/wp-content\/uploads\/2024\/10\/pvc10.jpg","datePublished":"2024-10-11T07:43:35+00:00","dateModified":"2024-10-11T07:43:36+00:00","description":"PVC Tapon campana. Pieza utilizada para impedir o concluir el paso de los l\u00edquidos transportados por la tuber\u00eda. De a alta calidad y resistencia.","breadcrumb":{"@id":"https:\/\/sistemaderiegocrap.com\/?product=pvc_tapon-campana#breadcrumb"},"inLanguage":"es","potentialAction":[{"@type":"ReadAction","target":["https:\/\/sistemaderiegocrap.com\/?product=pvc_tapon-campana"]}]},{"@type":"ImageObject","inLanguage":"es","@id":"https:\/\/sistemaderiegocrap.com\/?product=pvc_tapon-campana#primaryimage","url":"https:\/\/sistemaderiegocrap.com\/wp-content\/uploads\/2024\/10\/pvc10.jpg","contentUrl":"https:\/\/sistemaderiegocrap.com\/wp-content\/uploads\/2024\/10\/pvc10.jpg","width":1080,"height":1080},{"@type":"BreadcrumbList","@id":"https:\/\/sistemaderiegocrap.com\/?product=pvc_tapon-campana#breadcrumb","itemListElement":[{"@type":"ListItem","position":1,"name":"Home","item":"https:\/\/sistemaderiegocrap.com\/"},{"@type":"ListItem","position":2,"name":"Productos","item":"https:\/\/sistemaderiegocrap.com\/?page_id=77"},{"@type":"ListItem","position":3,"name":"Tap\u00f3n campana"}]},{"@type":"WebSite","@id":"https:\/\/sistemaderiegocrap.com\/#website","url":"https:\/\/sistemaderiegocrap.com\/","name":"Crap Sistemas de Riego","description":"Especialistas en sistemas de riego agr\u00edcolas y residenciales.","publisher":{"@id":"https:\/\/sistemaderiegocrap.com\/#organization"},"potentialAction":[{"@type":"SearchAction","target":{"@type":"EntryPoint","urlTemplate":"https:\/\/sistemaderiegocrap.com\/?s={search_term_string}"},"query-input":{"@type":"PropertyValueSpecification","valueRequired":true,"valueName":"search_term_string"}}],"inLanguage":"es"},{"@type":"Organization","@id":"https:\/\/sistemaderiegocrap.com\/#organization","name":"Crap Sistemas de Riego","url":"https:\/\/sistemaderiegocrap.com\/","logo":{"@type":"ImageObject","inLanguage":"es","@id":"https:\/\/sistemaderiegocrap.com\/#\/schema\/logo\/image\/","url":"https:\/\/sistemaderiegocrap.com\/wp-content\/uploads\/2024\/10\/cropped-CRAP-250-2-1.png","contentUrl":"https:\/\/sistemaderiegocrap.com\/wp-content\/uploads\/2024\/10\/cropped-CRAP-250-2-1.png","width":320,"height":99,"caption":"Crap Sistemas de Riego"},"image":{"@id":"https:\/\/sistemaderiegocrap.com\/#\/schema\/logo\/image\/"},"sameAs":["https:\/\/www.facebook.com\/CRAPSISTEMASDERIEGO","https:\/\/x.com\/CrapRiegS1tm","https:\/\/www.instagram.com\/crapofic1almx\/"]}]}},"_links":{"self":[{"href":"https:\/\/sistemaderiegocrap.com\/index.php?rest_route=\/wp\/v2\/product\/1493","targetHints":{"allow":["GET"]}}],"collection":[{"href":"https:\/\/sistemaderiegocrap.com\/index.php?rest_route=\/wp\/v2\/product"}],"about":[{"href":"https:\/\/sistemaderiegocrap.com\/index.php?rest_route=\/wp\/v2\/types\/product"}],"replies":[{"embeddable":true,"href":"https:\/\/sistemaderiegocrap.com\/index.php?rest_route=%2Fwp%2Fv2%2Fcomments&post=1493"}],"wp:featuredmedia":[{"embeddable":true,"href":"https:\/\/sistemaderiegocrap.com\/index.php?rest_route=\/wp\/v2\/media\/1494"}],"wp:attachment":[{"href":"https:\/\/sistemaderiegocrap.com\/index.php?rest_route=%2Fwp%2Fv2%2Fmedia&parent=1493"}],"wp:term":[{"taxonomy":"product_brand","embeddable":true,"href":"https:\/\/sistemaderiegocrap.com\/index.php?rest_route=%2Fwp%2Fv2%2Fproduct_brand&post=1493"},{"taxonomy":"product_cat","embeddable":true,"href":"https:\/\/sistemaderiegocrap.com\/index.php?rest_route=%2Fwp%2Fv2%2Fproduct_cat&post=1493"},{"taxonomy":"product_tag","embeddable":true,"href":"https:\/\/sistemaderiegocrap.com\/index.php?rest_route=%2Fwp%2Fv2%2Fproduct_tag&post=1493"}],"curies":[{"name":"wp","href":"https:\/\/api.w.org\/{rel}","templated":true}]}}